{"id":19812,"date":"2017-06-23T14:30:12","date_gmt":"2017-06-23T12:30:12","guid":{"rendered":"http:\/\/tulliamorand.com\/?page_id=19812"},"modified":"2019-06-11T10:02:02","modified_gmt":"2019-06-11T08:02:02","slug":"biografia-sp","status":"publish","type":"page","link":"https:\/\/tulliamorand.com\/index.php\/biographie\/biografia-sp\/","title":{"rendered":"Biografia SP"},"content":{"rendered":"<p><div class=\"fusion-fullwidth fullwidth-box fusion-builder-row-1 nonhundred-percent-fullwidth non-hundred-percent-height-scrolling\" style=\"background-color: rgba(255,255,255,0);background-position: left top;background-repeat: no-repeat;padding-top:0px;padding-right:0px;padding-bottom:0px;padding-left:0px;border-width: 0px 0px 0px 0px;border-color:#eae9e9;border-style:solid;\" ><div class=\"fusion-builder-row fusion-row\"><div class=\"fusion-layout-column fusion_builder_column fusion-builder-column-0 fusion_builder_column_1_1 1_1 fusion-one-full fusion-column-first fusion-column-last fusion-column-no-min-height\" style=\"margin-top:0px;margin-bottom:0px;\"><div class=\"fusion-column-wrapper fusion-flex-column-wrapper-legacy\" style=\"background-position:left top;background-repeat:no-repeat;-webkit-background-size:cover;-moz-background-size:cover;-o-background-size:cover;background-size:cover;padding: 0px 10px 0px 10px;\"><div class=\"fusion-sep-clear\"><\/div><div class=\"fusion-separator fusion-full-width-sep\" style=\"margin-left: auto;margin-right: auto;margin-top:5px;margin-bottom:5px;width:100%;\"><\/div><div class=\"fusion-sep-clear\"><\/div><div class=\"fusion-text fusion-text-1\"><p><a href=\"http:\/\/tulliamorand.com\/index.php\/biographie\/biography-jp\/\"><img decoding=\"async\" class=\"size-full wp-image-20418 alignright\" src=\"http:\/\/tulliamorand.com\/wp-content\/uploads\/Logo-Japon-\u4f1d\u8a18-1-e1506933817756.png\" alt=\"\" width=\"40\" height=\"26\" \/><\/a><a href=\"http:\/\/tulliamorand.com\/index.php\/biographie\/biografia-sp\/\"><img decoding=\"async\" class=\"wp-image-19784 alignright\" src=\"http:\/\/tulliamorand.com\/wp-content\/uploads\/Logo-Espagne-biografi\u0301a-.png\" alt=\"\" width=\"40\" height=\"26\" \/><\/a><a href=\"http:\/\/tulliamorand.com\/index.php\/biographie\/biografie-de\/\"><img decoding=\"async\" class=\"wp-image-19781 alignright\" src=\"http:\/\/tulliamorand.com\/wp-content\/uploads\/Logo-Germany-Biografie-.png\" alt=\"\" width=\"40\" height=\"27\" \/><\/a><a href=\"http:\/\/tulliamorand.com\/index.php\/biographie\/biography-us\/\"><img decoding=\"async\" class=\"wp-image-19782 alignright\" src=\"http:\/\/tulliamorand.com\/wp-content\/uploads\/Logo-US.png\" alt=\"\" width=\"40\" height=\"27\" \/><\/a><a href=\"http:\/\/tulliamorand.com\/index.php\/biographie\/biography-en\/\"><img decoding=\"async\" class=\"wp-image-19783 alignright\" src=\"http:\/\/tulliamorand.com\/wp-content\/uploads\/Logo-Anglais-Biography-.png\" alt=\"\" width=\"40\" height=\"27\" \/><\/a><a href=\"http:\/\/tulliamorand.com\/index.php\/biographie\/\"><img decoding=\"async\" class=\"wp-image-19780 alignright\" src=\"http:\/\/tulliamorand.com\/wp-content\/uploads\/Logo-France-Biographie-.png\" alt=\"\" width=\"40\" height=\"27\" \/><\/a><\/p>\n<\/div><div class=\"fusion-sep-clear\"><\/div><div class=\"fusion-separator fusion-full-width-sep\" style=\"margin-left: auto;margin-right: auto;margin-top:5px;margin-bottom:5px;width:100%;\"><\/div><div class=\"fusion-sep-clear\"><\/div><div class=\"fusion-clearfix\"><\/div><\/div><\/div><\/div><\/div><div class=\"fusion-fullwidth fullwidth-box fusion-builder-row-2 nonhundred-percent-fullwidth non-hundred-percent-height-scrolling\" style=\"background-color: rgba(255,255,255,0);background-position: left top;background-repeat: no-repeat;padding-top:0px;padding-right:0px;padding-bottom:0px;padding-left:0px;border-width: 0px 0px 0px 0px;border-color:#eae9e9;border-style:solid;\" ><div class=\"fusion-builder-row fusion-row\"><div class=\"fusion-layout-column fusion_builder_column fusion-builder-column-1 fusion_builder_column_1_1 1_1 fusion-one-full fusion-column-first fusion-column-last fusion-column-no-min-height\" style=\"margin-top:0px;margin-bottom:0px;\"><div class=\"fusion-column-wrapper fusion-flex-column-wrapper-legacy\" style=\"background-position:left top;background-repeat:no-repeat;-webkit-background-size:cover;-moz-background-size:cover;-o-background-size:cover;background-size:cover;padding: 0px 10px 0px 10px;\"><div class=\"fusion-text fusion-text-2\"><h1 style=\"text-align: left;\">TULLIA MORAND<\/h1>\n<\/div><div class=\"fusion-sep-clear\"><\/div><div class=\"fusion-separator fusion-full-width-sep\" style=\"margin-left: auto;margin-right: auto;margin-top:5px;margin-bottom:5px;width:100%;\"><\/div><div class=\"fusion-sep-clear\"><\/div><div class=\"fusion-clearfix\"><\/div><\/div><\/div><\/div><\/div><div class=\"fusion-fullwidth fullwidth-box fusion-builder-row-3 nonhundred-percent-fullwidth non-hundred-percent-height-scrolling\" style=\"background-color: rgba(255,255,255,0);background-position: left top;background-repeat: no-repeat;padding-top:0px;padding-right:0px;padding-bottom:0px;padding-left:0px;border-width: 0px 0px 0px 0px;border-color:#eae9e9;border-style:solid;\" ><div class=\"fusion-builder-row fusion-row\"><div class=\"fusion-layout-column fusion_builder_column fusion-builder-column-2 fusion_builder_column_1_1 1_1 fusion-one-full fusion-column-first fusion-column-last fusion-column-no-min-height\" style=\"margin-top:0px;margin-bottom:0px;\"><div class=\"fusion-column-wrapper fusion-flex-column-wrapper-legacy\" style=\"background-position:left top;background-repeat:no-repeat;-webkit-background-size:cover;-moz-background-size:cover;-o-background-size:cover;background-size:cover;padding: 0px 10px 0px 10px;\"><div class=\"fusion-text fusion-text-3\"><h3>BIOGRAF\u00cdA<\/h3>\n<p>Tullia Morand es una saxofonista y compositora de jazz francesa.<br \/>\nHija de amantes de la m\u00fasica que llevan desde la infancia a la mayor\u00eda de los Grandes Conciertos (mareado Gilespy Lionel Hampton, a trav\u00e9s de Tito Puente y Miles Davis) es natural que Tulia desarrolla muy temprano amor por el jazz y m\u00fasica mixta.<\/p>\n<p>Si el saxof\u00f3n es su instrumento preferido, tambi\u00e9n le apasionan la flauta, el clarinete, la percusi\u00f3n afrocubana y la composici\u00f3n que se vuelve obvia para ella.<\/p>\n<p>Comenz\u00f3 su carrera en la Big Band de <strong>Fran\u00e7ois Laudet<\/strong> en 2006, con <strong>Rido Bayonne<\/strong> en 2008.<\/p>\n<p>En 2014, fue invitada por <strong>Dirty Dozen, Treme Brass Band<\/strong> y <strong>Delfayo Marsalis<\/strong> Big Band a Nueva Orleans.<br \/>\nAl mismo tiempo, ella tiene la oportunidad de componer para el cine:<br \/>\n<strong>Sonoro del ruido<\/strong> producido por Johannes Nilsson y Ola Simonsson Stj\u00e4rne (2011), <strong>Tiempo de Aventura<\/strong> J\u00e9r\u00f4me Bonnel (2013) y para los grupos <strong>Los Caballos, Cumbia Ya!<\/strong> y <strong>Dixirella<\/strong>.<\/p>\n<p>Finalmente, descubierta por <strong>Fran\u00e7ois Morel<\/strong>, participa desde 2014 en sus espect\u00e1culos musicales.<\/p>\n<p>Inspirado por sus reuniones en Nueva York con Rich Perry, Eddie Daniels, Bob Mover, Barry Harris, Larry Schneider, Bob Mintzer, Grant Stewart, lanz\u00f3 su primer \u00e1lbum titulado <strong>Betibop<\/strong> sus composiciones quinteto en 2009, luego un segundo: <strong>Canci\u00f3n de septiembre<\/strong> que celebra el jazz tradicional de Nueva Orleans en 2011.<\/p>\n<p>En 2017, establece su Big Band <strong>TMO<\/strong>, alimentado por influencias de jazz, m\u00fasica cl\u00e1sica, pop y m\u00fasica de cine.<\/p>\n<p>Tullia Morand se centra hoy en su pasi\u00f3n por la composici\u00f3n. Se ampl\u00eda esto a la din\u00e1mica de orquesta para dar sus composiciones amplitud del sonido de una orquesta dirigida \u00ab\u00a0<strong>manos m\u00e1gicas<\/strong>\u00ab\u00a0, como su reciente \u00e1lbum, que ser\u00e1 lanzado en 2019 en <strong>Clapson Records<\/strong>.<\/p>\n<h3>DISCOGRAF\u00cdA<\/h3>\n<p><em>Soul Overdrive<\/em> &#8211; The Cool Feedback &#8211; Milano Records &#8211; 2019<br \/>\n<em>Une Fois Encore<\/em> \u2013 Tarace Boulba &#8211; Formidable &#8211; 2000<br \/>\n<em>K\u00f5nKman<\/em> \u2013 Les Chevals \u2013 Irfan \u2013 2007<br \/>\n<em>Betibop<\/em> \u2013 Tullia Morand Quintet \u2013 autoproduction \u2013 2009<br \/>\n<em>September Song<\/em> \u2013 Dixirella \u2013 Plaza Mayor company \u2013 2011<br \/>\n<em>La Fanfare qui bat le pav\u00e9<\/em> \u2013 Eug\u00e9nie Cotton \u2013 Matador Production \u2013 2013<br \/>\n<em>La Mecanica Del Porro<\/em> \u2013 Cumbia Ya! \u2013 Tarambana Production -2014<br \/>\n<em>La Vie (titre provisoire)<\/em> \u2013 Fran\u00e7ois Morel \u2013 Sony Music \u2013 2016<br \/>\n<em>A Petits Pas<\/em> &#8211; Virginie Fildier &#8211; 2017<\/p>\n<\/div><div class=\"fusion-clearfix\"><\/div><\/div><\/div><\/div><\/div><\/p>\n","protected":false},"excerpt":{"rendered":"","protected":false},"author":1,"featured_media":0,"parent":1355,"menu_order":4,"comment_status":"closed","ping_status":"closed","template":"100-width.php","meta":{"footnotes":""},"class_list":["post-19812","page","type-page","status-publish","hentry"],"yoast_head":"<!-- This site is optimized with the Yoast SEO plugin v27.4 - https:\/\/yoast.com\/product\/yoast-seo-wordpress\/ -->\n<title>Biografia SP - Tullia Morand<\/title>\n<meta name=\"robots\" content=\"index, follow, max-snippet:-1, max-image-preview:large, max-video-preview:-1\" \/>\n<link rel=\"canonical\" href=\"https:\/\/tulliamorand.com\/index.php\/biographie\/biografia-sp\/\" \/>\n<meta property=\"og:locale\" content=\"fr_FR\" \/>\n<meta property=\"og:type\" content=\"article\" \/>\n<meta property=\"og:title\" content=\"Biografia SP - Tullia Morand\" \/>\n<meta property=\"og:url\" content=\"https:\/\/tulliamorand.com\/index.php\/biographie\/biografia-sp\/\" \/>\n<meta property=\"og:site_name\" content=\"Tullia Morand\" \/>\n<meta property=\"article:modified_time\" content=\"2019-06-11T08:02:02+00:00\" \/>\n<meta property=\"og:image\" content=\"http:\/\/tulliamorand.com\/wp-content\/uploads\/Logo-Japon-\u4f1d\u8a18-1-e1506933817756.png\" \/>\n<meta name=\"twitter:card\" content=\"summary_large_image\" \/>\n<meta name=\"twitter:label1\" content=\"Dur\u00e9e de lecture estim\u00e9e\" \/>\n\t<meta name=\"twitter:data1\" content=\"5 minutes\" \/>\n<script type=\"application\/ld+json\" class=\"yoast-schema-graph\">{\"@context\":\"https:\\\/\\\/schema.org\",\"@graph\":[{\"@type\":\"WebPage\",\"@id\":\"https:\\\/\\\/tulliamorand.com\\\/index.php\\\/biographie\\\/biografia-sp\\\/\",\"url\":\"https:\\\/\\\/tulliamorand.com\\\/index.php\\\/biographie\\\/biografia-sp\\\/\",\"name\":\"Biografia SP - Tullia Morand\",\"isPartOf\":{\"@id\":\"https:\\\/\\\/tulliamorand.com\\\/#website\"},\"primaryImageOfPage\":{\"@id\":\"https:\\\/\\\/tulliamorand.com\\\/index.php\\\/biographie\\\/biografia-sp\\\/#primaryimage\"},\"image\":{\"@id\":\"https:\\\/\\\/tulliamorand.com\\\/index.php\\\/biographie\\\/biografia-sp\\\/#primaryimage\"},\"thumbnailUrl\":\"http:\\\/\\\/tulliamorand.com\\\/wp-content\\\/uploads\\\/Logo-Germany-Biografie-.png\",\"datePublished\":\"2017-06-23T12:30:12+00:00\",\"dateModified\":\"2019-06-11T08:02:02+00:00\",\"breadcrumb\":{\"@id\":\"https:\\\/\\\/tulliamorand.com\\\/index.php\\\/biographie\\\/biografia-sp\\\/#breadcrumb\"},\"inLanguage\":\"fr-FR\",\"potentialAction\":[{\"@type\":\"ReadAction\",\"target\":[\"https:\\\/\\\/tulliamorand.com\\\/index.php\\\/biographie\\\/biografia-sp\\\/\"]}]},{\"@type\":\"ImageObject\",\"inLanguage\":\"fr-FR\",\"@id\":\"https:\\\/\\\/tulliamorand.com\\\/index.php\\\/biographie\\\/biografia-sp\\\/#primaryimage\",\"url\":\"http:\\\/\\\/tulliamorand.com\\\/wp-content\\\/uploads\\\/Logo-Germany-Biografie-.png\",\"contentUrl\":\"http:\\\/\\\/tulliamorand.com\\\/wp-content\\\/uploads\\\/Logo-Germany-Biografie-.png\"},{\"@type\":\"BreadcrumbList\",\"@id\":\"https:\\\/\\\/tulliamorand.com\\\/index.php\\\/biographie\\\/biografia-sp\\\/#breadcrumb\",\"itemListElement\":[{\"@type\":\"ListItem\",\"position\":1,\"name\":\"Accueil\",\"item\":\"https:\\\/\\\/tulliamorand.com\\\/\"},{\"@type\":\"ListItem\",\"position\":2,\"name\":\"Biographie\",\"item\":\"https:\\\/\\\/tulliamorand.com\\\/index.php\\\/biographie\\\/\"},{\"@type\":\"ListItem\",\"position\":3,\"name\":\"Biografia SP\"}]},{\"@type\":\"WebSite\",\"@id\":\"https:\\\/\\\/tulliamorand.com\\\/#website\",\"url\":\"https:\\\/\\\/tulliamorand.com\\\/\",\"name\":\"Tullia Morand\",\"description\":\"Saxophoniste - Compositrice\",\"potentialAction\":[{\"@type\":\"SearchAction\",\"target\":{\"@type\":\"EntryPoint\",\"urlTemplate\":\"https:\\\/\\\/tulliamorand.com\\\/?s={search_term_string}\"},\"query-input\":{\"@type\":\"PropertyValueSpecification\",\"valueRequired\":true,\"valueName\":\"search_term_string\"}}],\"inLanguage\":\"fr-FR\"}]}<\/script>\n<!-- \/ Yoast SEO plugin. -->","yoast_head_json":{"title":"Biografia SP - Tullia Morand","robots":{"index":"index","follow":"follow","max-snippet":"max-snippet:-1","max-image-preview":"max-image-preview:large","max-video-preview":"max-video-preview:-1"},"canonical":"https:\/\/tulliamorand.com\/index.php\/biographie\/biografia-sp\/","og_locale":"fr_FR","og_type":"article","og_title":"Biografia SP - Tullia Morand","og_url":"https:\/\/tulliamorand.com\/index.php\/biographie\/biografia-sp\/","og_site_name":"Tullia Morand","article_modified_time":"2019-06-11T08:02:02+00:00","og_image":[{"url":"http:\/\/tulliamorand.com\/wp-content\/uploads\/Logo-Japon-\u4f1d\u8a18-1-e1506933817756.png","type":"","width":"","height":""}],"twitter_card":"summary_large_image","twitter_misc":{"Dur\u00e9e de lecture estim\u00e9e":"5 minutes"},"schema":{"@context":"https:\/\/schema.org","@graph":[{"@type":"WebPage","@id":"https:\/\/tulliamorand.com\/index.php\/biographie\/biografia-sp\/","url":"https:\/\/tulliamorand.com\/index.php\/biographie\/biografia-sp\/","name":"Biografia SP - Tullia Morand","isPartOf":{"@id":"https:\/\/tulliamorand.com\/#website"},"primaryImageOfPage":{"@id":"https:\/\/tulliamorand.com\/index.php\/biographie\/biografia-sp\/#primaryimage"},"image":{"@id":"https:\/\/tulliamorand.com\/index.php\/biographie\/biografia-sp\/#primaryimage"},"thumbnailUrl":"http:\/\/tulliamorand.com\/wp-content\/uploads\/Logo-Germany-Biografie-.png","datePublished":"2017-06-23T12:30:12+00:00","dateModified":"2019-06-11T08:02:02+00:00","breadcrumb":{"@id":"https:\/\/tulliamorand.com\/index.php\/biographie\/biografia-sp\/#breadcrumb"},"inLanguage":"fr-FR","potentialAction":[{"@type":"ReadAction","target":["https:\/\/tulliamorand.com\/index.php\/biographie\/biografia-sp\/"]}]},{"@type":"ImageObject","inLanguage":"fr-FR","@id":"https:\/\/tulliamorand.com\/index.php\/biographie\/biografia-sp\/#primaryimage","url":"http:\/\/tulliamorand.com\/wp-content\/uploads\/Logo-Germany-Biografie-.png","contentUrl":"http:\/\/tulliamorand.com\/wp-content\/uploads\/Logo-Germany-Biografie-.png"},{"@type":"BreadcrumbList","@id":"https:\/\/tulliamorand.com\/index.php\/biographie\/biografia-sp\/#breadcrumb","itemListElement":[{"@type":"ListItem","position":1,"name":"Accueil","item":"https:\/\/tulliamorand.com\/"},{"@type":"ListItem","position":2,"name":"Biographie","item":"https:\/\/tulliamorand.com\/index.php\/biographie\/"},{"@type":"ListItem","position":3,"name":"Biografia SP"}]},{"@type":"WebSite","@id":"https:\/\/tulliamorand.com\/#website","url":"https:\/\/tulliamorand.com\/","name":"Tullia Morand","description":"Saxophoniste - Compositrice","potentialAction":[{"@type":"SearchAction","target":{"@type":"EntryPoint","urlTemplate":"https:\/\/tulliamorand.com\/?s={search_term_string}"},"query-input":{"@type":"PropertyValueSpecification","valueRequired":true,"valueName":"search_term_string"}}],"inLanguage":"fr-FR"}]}},"_links":{"self":[{"href":"https:\/\/tulliamorand.com\/index.php\/wp-json\/wp\/v2\/pages\/19812","targetHints":{"allow":["GET"]}}],"collection":[{"href":"https:\/\/tulliamorand.com\/index.php\/wp-json\/wp\/v2\/pages"}],"about":[{"href":"https:\/\/tulliamorand.com\/index.php\/wp-json\/wp\/v2\/types\/page"}],"author":[{"embeddable":true,"href":"https:\/\/tulliamorand.com\/index.php\/wp-json\/wp\/v2\/users\/1"}],"replies":[{"embeddable":true,"href":"https:\/\/tulliamorand.com\/index.php\/wp-json\/wp\/v2\/comments?post=19812"}],"version-history":[{"count":26,"href":"https:\/\/tulliamorand.com\/index.php\/wp-json\/wp\/v2\/pages\/19812\/revisions"}],"predecessor-version":[{"id":21082,"href":"https:\/\/tulliamorand.com\/index.php\/wp-json\/wp\/v2\/pages\/19812\/revisions\/21082"}],"up":[{"embeddable":true,"href":"https:\/\/tulliamorand.com\/index.php\/wp-json\/wp\/v2\/pages\/1355"}],"wp:attachment":[{"href":"https:\/\/tulliamorand.com\/index.php\/wp-json\/wp\/v2\/media?parent=19812"}],"curies":[{"name":"wp","href":"https:\/\/api.w.org\/{rel}","templated":true}]}}