{"id":18540,"date":"2017-06-03T12:48:57","date_gmt":"2017-06-03T12:48:57","guid":{"rendered":"http:\/\/beeagence.com\/WordPress3\/?page_id=18540"},"modified":"2017-09-07T12:36:44","modified_gmt":"2017-09-07T10:36:44","slug":"contact-dixirella","status":"publish","type":"page","link":"https:\/\/tulliamorand.com\/index.php\/groupes\/dixirella\/contact-dixirella\/","title":{"rendered":"Contact Dixirella"},"content":{"rendered":"<p><div class=\"fusion-fullwidth fullwidth-box fusion-builder-row-1 nonhundred-percent-fullwidth non-hundred-percent-height-scrolling\" style=\"background-color: #ffffff;background-position: center center;background-repeat: no-repeat;padding-top:0px;padding-right:0px;padding-bottom:0px;padding-left:0px;margin-bottom: 0px;margin-top: 0px;border-width: 0px 0px 0px 0px;border-color:#eae9e9;border-style:solid;\" ><div class=\"fusion-builder-row fusion-row\"><div class=\"fusion-layout-column fusion_builder_column fusion-builder-column-0 fusion_builder_column_1_1 1_1 fusion-one-full fusion-column-first fusion-column-last\" style=\"margin-top:0px;margin-bottom:0px;\"><div class=\"fusion-column-wrapper fusion-flex-column-wrapper-legacy\" style=\"background-position:left top;background-repeat:no-repeat;-webkit-background-size:cover;-moz-background-size:cover;-o-background-size:cover;background-size:cover;padding: 0px 0px 0px 0px;\"><div class=\"fusion-clearfix\"><\/div><\/div><\/div><div class=\"fusion-layout-column fusion_builder_column fusion-builder-column-1 fusion_builder_column_1_4 1_4 fusion-one-fourth fusion-column-first\" style=\"width:25%;width:calc(25% - ( ( 4% + 4% + 4% ) * 0.25 ) );margin-right: 4%;margin-top:0px;margin-bottom:0px;\"><div class=\"fusion-column-wrapper fusion-flex-column-wrapper-legacy\" style=\"background-position:left top;background-repeat:no-repeat;-webkit-background-size:cover;-moz-background-size:cover;-o-background-size:cover;background-size:cover;padding: 0px 0px 0px 0px;\"><div class=\"fusion-text fusion-text-1\"><p style=\"text-align: center;\"><strong><a href=\"http:\/\/tulliamorand.com\">TULLIA MORAND<\/a><\/strong><\/p>\n<\/div><div class=\"fusion-clearfix\"><\/div><\/div><\/div><div class=\"fusion-layout-column fusion_builder_column fusion-builder-column-2 fusion_builder_column_1_4 1_4 fusion-one-fourth\" style=\"width:25%;width:calc(25% - ( ( 4% + 4% + 4% ) * 0.25 ) );margin-right: 4%;margin-top:0px;margin-bottom:0px;\"><div class=\"fusion-column-wrapper fusion-flex-column-wrapper-legacy\" style=\"background-position:left top;background-repeat:no-repeat;-webkit-background-size:cover;-moz-background-size:cover;-o-background-size:cover;background-size:cover;padding: 0px 0px 0px 0px;\"><div class=\"fusion-text fusion-text-2\"><p style=\"text-align: center;\"><strong><a href=\"http:\/\/tulliamorand.com\/index.php\/groupes\/tullia-morand-orchestra\/\">TULLIA MORAND ORCHESTRA<\/a><\/strong><\/p>\n<\/div><div class=\"fusion-clearfix\"><\/div><\/div><\/div><div class=\"fusion-layout-column fusion_builder_column fusion-builder-column-3 fusion_builder_column_1_4 1_4 fusion-one-fourth\" style=\"width:25%;width:calc(25% - ( ( 4% + 4% + 4% ) * 0.25 ) );margin-right: 4%;margin-top:0px;margin-bottom:0px;\"><div class=\"fusion-column-wrapper fusion-flex-column-wrapper-legacy\" style=\"background-position:left top;background-repeat:no-repeat;-webkit-background-size:cover;-moz-background-size:cover;-o-background-size:cover;background-size:cover;padding: 0px 0px 0px 0px;\"><div class=\"fusion-text fusion-text-3\"><p style=\"text-align: center;\"><strong><a href=\"http:\/\/tulliamorand.com\/index.php\/groupes\/tullia-morand-quintet\/\">TULLIA MORAND QUINTET<\/a><\/strong><\/p>\n<\/div><div class=\"fusion-clearfix\"><\/div><\/div><\/div><div class=\"fusion-layout-column fusion_builder_column fusion-builder-column-4 fusion_builder_column_1_4 1_4 fusion-one-fourth fusion-column-last\" style=\"width:25%;width:calc(25% - ( ( 4% + 4% + 4% ) * 0.25 ) );margin-top:0px;margin-bottom:0px;\"><div class=\"fusion-column-wrapper fusion-flex-column-wrapper-legacy\" style=\"background-position:left top;background-repeat:no-repeat;-webkit-background-size:cover;-moz-background-size:cover;-o-background-size:cover;background-size:cover;padding: 0px 0px 0px 0px;\"><div class=\"fusion-text fusion-text-4\"><p style=\"text-align: center;\"><a href=\"http:\/\/tulliamorand.com\/index.php\/groupes\/autres-collaborations-2\/\"><strong>AUTRES COLLABORATIONS<\/strong><\/a><\/p>\n<\/div><div class=\"fusion-clearfix\"><\/div><\/div><\/div><\/div><\/div><div class=\"fusion-fullwidth fullwidth-box fusion-builder-row-2 nonhundred-percent-fullwidth non-hundred-percent-height-scrolling\" style=\"background-color: #ebebeb;background-position: center center;background-repeat: no-repeat;padding-top:20px;padding-right:15%;padding-bottom:20px;padding-left:15%;margin-bottom: 0px;margin-top: 0px;border-width: 0px 0px 0px 0px;border-color:#eae9e9;border-style:solid;\" ><div class=\"fusion-builder-row fusion-row\"><div class=\"fusion-layout-column fusion_builder_column fusion-builder-column-5 fusion_builder_column_2_3 2_3 fusion-two-third fusion-column-first\" style=\"width:65.3333%; margin-right: 4%;margin-top:0px;margin-bottom:0px;\"><div class=\"fusion-column-wrapper fusion-flex-column-wrapper-legacy\" style=\"background-position:left top;background-repeat:no-repeat;-webkit-background-size:cover;-moz-background-size:cover;-o-background-size:cover;background-size:cover;\"><div class=\"fusion-text fusion-text-5\"><h2 style=\"margin-bottom: 2px; text-align: left;\">CONTACTEZ-NOUS !<\/h2>\n<p>Pour nous contacter, compl\u00e9tez ce formulaire et nous vous r\u00e9pondrons dans les plus brefs d\u00e9lais.<\/p>\n<\/div><div class=\"fusion-sep-clear\"><\/div><div class=\"fusion-separator fusion-full-width-sep\" style=\"margin-left: auto;margin-right: auto;margin-top:5px;width:100%;\"><\/div><div class=\"fusion-sep-clear\"><\/div><div class=\"fusion-text fusion-text-6\">\n<div class=\"wpcf7 no-js\" id=\"wpcf7-f895-o1\" lang=\"en-US\" dir=\"ltr\" data-wpcf7-id=\"895\">\n<div class=\"screen-reader-response\"><p role=\"status\" aria-live=\"polite\" aria-atomic=\"true\"><\/p> <ul><\/ul><\/div>\n<form action=\"\/index.php\/wp-json\/wp\/v2\/pages\/18540#wpcf7-f895-o1\" method=\"post\" class=\"wpcf7-form init\" aria-label=\"Contact form\" novalidate=\"novalidate\" data-status=\"init\">\n<fieldset class=\"hidden-fields-container\"><input type=\"hidden\" name=\"_wpcf7\" value=\"895\" \/><input type=\"hidden\" name=\"_wpcf7_version\" value=\"6.1.5\" \/><input type=\"hidden\" name=\"_wpcf7_locale\" value=\"en_US\" \/><input type=\"hidden\" name=\"_wpcf7_unit_tag\" value=\"wpcf7-f895-o1\" \/><input type=\"hidden\" name=\"_wpcf7_container_post\" value=\"0\" \/><input type=\"hidden\" name=\"_wpcf7_posted_data_hash\" value=\"\" \/><input type=\"hidden\" name=\"_wpcf7_recaptcha_response\" value=\"\" \/>\n<\/fieldset>\n<div class=\"fusion-one-half fusion-layout-column fusion-spacing-yes\">\n\t<p><span class=\"wpcf7-form-control-wrap\" data-name=\"your-name\"><input size=\"40\" maxlength=\"400\" class=\"wpcf7-form-control wpcf7-text wpcf7-validates-as-required\" aria-required=\"true\" aria-invalid=\"false\" placeholder=\"NOM\" value=\"\" type=\"text\" name=\"your-name\" \/><\/span>\n\t<\/p>\n<\/div>\n<div class=\"fusion-one-half fusion-layout-column fusion-column-last fusion-spacing-yes\">\n\t<p><span class=\"wpcf7-form-control-wrap\" data-name=\"your-surname\"><input size=\"40\" maxlength=\"400\" class=\"wpcf7-form-control wpcf7-text wpcf7-validates-as-required\" aria-required=\"true\" aria-invalid=\"false\" placeholder=\"PR\u00c9NOM\" value=\"\" type=\"text\" name=\"your-surname\" \/><\/span>\n\t<\/p>\n<\/div>\n<div class=\"fusion-one-third fusion-layout-column fusion-spacing-yes\">\n\t<p><span class=\"wpcf7-form-control-wrap\" data-name=\"your-email\"><input size=\"40\" maxlength=\"400\" class=\"wpcf7-form-control wpcf7-email wpcf7-validates-as-required wpcf7-text wpcf7-validates-as-email\" aria-required=\"true\" aria-invalid=\"false\" placeholder=\"EMAIL\" value=\"\" type=\"email\" name=\"your-email\" \/><\/span>\n\t<\/p>\n<\/div>\n<div class=\"fusion-two-third fusion-layout-column fusion-column-last fusion-spacing-yes\">\n\t<p><span class=\"wpcf7-form-control-wrap\" data-name=\"your-name\"><input size=\"40\" maxlength=\"400\" class=\"wpcf7-form-control wpcf7-text wpcf7-validates-as-required\" aria-required=\"true\" aria-invalid=\"false\" placeholder=\"OBJET\" value=\"\" type=\"text\" name=\"your-name\" \/><\/span>\n\t<\/p>\n<\/div>\n<p><span class=\"wpcf7-form-control-wrap\" data-name=\"your-message\"><textarea cols=\"40\" rows=\"10\" maxlength=\"2000\" class=\"wpcf7-form-control wpcf7-textarea\" aria-invalid=\"false\" placeholder=\"MESSAGE\" name=\"your-message\"><\/textarea><\/span>\n<\/p>\n<p><input class=\"wpcf7-form-control wpcf7-submit has-spinner\" type=\"submit\" value=\"Send\" \/>\n<\/p><div class=\"fusion-alert alert custom alert-custom fusion-alert-center wpcf7-response-output fusion-alert-capitalize alert-dismissable\" style=\"border-width:1px;\"><button type=\"button\" class=\"close toggle-alert\" data-dismiss=\"alert\" aria-hidden=\"true\">&times;<\/button><div class=\"fusion-alert-content-wrapper\"><span class=\"fusion-alert-content\"><\/span><\/div><\/div>\n<\/form>\n<\/div>\n\n<\/div><div class=\"fusion-clearfix\"><\/div><\/div><\/div><div class=\"fusion-layout-column fusion_builder_column fusion-builder-column-6 fusion_builder_column_1_3 1_3 fusion-one-third fusion-column-last\" style=\"width:30.6666%;margin-top:0px;margin-bottom:0px;\"><div class=\"fusion-column-wrapper fusion-flex-column-wrapper-legacy\" style=\"background-position:left top;background-repeat:no-repeat;-webkit-background-size:cover;-moz-background-size:cover;-o-background-size:cover;background-size:cover;\"><div class=\"fusion-text fusion-text-7\"><h2 style=\"margin-bottom: 2px; text-align: left;\"><span style=\"color: #ebebeb;\">TULLIA MORAND<\/span><\/h2>\n<p>Pour contacter directement Tullia Morand<br \/>\nou l&rsquo;un des groupes :<br \/>\nT\u00e9l. : 06.21.05.70.71<br \/>\n19 rue Ramey 75018 Paris (France)<\/p>\n<\/div><div class=\"fusion-clearfix\"><\/div><\/div><\/div><\/div><\/div><div class=\"fusion-fullwidth fullwidth-box fusion-builder-row-3 nonhundred-percent-fullwidth non-hundred-percent-height-scrolling\" style=\"background-color: #ebebeb;background-position: center center;background-repeat: no-repeat;padding-top:30px;padding-right:15%;padding-bottom:30px;padding-left:15%;margin-bottom: 0px;margin-top: 0px;border-width: 0px 0px 0px 0px;border-color:#eae9e9;border-style:solid;\" ><div class=\"fusion-builder-row fusion-row\"><div class=\"fusion-layout-column fusion_builder_column fusion-builder-column-7 fusion_builder_column_1_1 1_1 fusion-one-full fusion-column-first fusion-column-last fusion-column-no-min-height\" style=\"margin-top:0px;margin-bottom:0px;\"><div class=\"fusion-column-wrapper fusion-flex-column-wrapper-legacy\" style=\"background-position:left top;background-repeat:no-repeat;-webkit-background-size:cover;-moz-background-size:cover;-o-background-size:cover;background-size:cover;padding: 0px 0px 0px 0px;\"><div class=\"fusion-text fusion-text-8\"><h2 style=\"text-align: left;\">REJOIGNEZ-NOUS SUR LES R\u00c9SEAUX SOCIAUX<\/h2>\n<p style=\"text-align: left;\">Suivez toute notre actualit\u00e9 et soyez les premiers inform\u00e9s des concerts \u00e0 venir !<\/p>\n<\/div><div class=\"fusion-sep-clear\"><\/div><div class=\"fusion-separator fusion-full-width-sep\" style=\"margin-left: auto;margin-right: auto;margin-top:5px;margin-bottom:2px;width:100%;\"><\/div><div class=\"fusion-sep-clear\"><\/div><div class=\"fusion-clearfix\"><\/div><\/div><\/div><div class=\"fusion-layout-column fusion_builder_column fusion-builder-column-8 fusion_builder_column_1_1 1_1 fusion-one-full fusion-column-first fusion-column-last fusion-column-no-min-height\" style=\"margin-top:0px;margin-bottom:0px;\"><div class=\"fusion-column-wrapper fusion-flex-column-wrapper-legacy\" style=\"background-position:left top;background-repeat:no-repeat;-webkit-background-size:cover;-moz-background-size:cover;-o-background-size:cover;background-size:cover;padding: 0px 0px 0px 0px;\"><div class=\"alignleft\"><div class=\"fusion-social-links\"><div class=\"fusion-social-networks boxed-icons\"><div class=\"fusion-social-networks-wrapper\"><a class=\"fusion-social-network-icon fusion-tooltip fusion-facebook fusion-icon-facebook\" style=\"color:#ffffff;font-size:30px;width: calc(30px + (2 * (10px)) + 2px);background-color:#3b5998;border-color:#3b5998;border-radius:50%;\" data-placement=\"top\" data-title=\"Facebook\" data-toggle=\"tooltip\" title=\"Facebook\" aria-label=\"facebook\" target=\"_blank\" rel=\"noopener noreferrer\" href=\"www.facebook.com\/tulliamorand\"><\/a><a class=\"fusion-social-network-icon fusion-tooltip fusion-youtube fusion-icon-youtube\" style=\"color:#ffffff;font-size:30px;width: calc(30px + (2 * (10px)) + 2px);background-color:#cd201f;border-color:#cd201f;border-radius:50%;\" data-placement=\"top\" data-title=\"YouTube\" data-toggle=\"tooltip\" title=\"YouTube\" aria-label=\"youtube\" target=\"_blank\" rel=\"noopener noreferrer\" href=\"https:\/\/www.youtube.com\/channel\/UCHTdNQsf3NA_ppKKKlyaZwA\"><\/a><a class=\"fusion-social-network-icon fusion-tooltip fusion-myspace fusion-icon-myspace\" style=\"color:#ffffff;font-size:30px;width: calc(30px + (2 * (10px)) + 2px);background-color:#000000;border-color:#000000;border-radius:50%;\" data-placement=\"top\" data-title=\"Myspace\" data-toggle=\"tooltip\" title=\"Myspace\" aria-label=\"myspace\" target=\"_blank\" rel=\"noopener noreferrer\" href=\"https:\/\/myspace.com\/tulliamorand\"><\/a><a class=\"fusion-social-network-icon fusion-tooltip fusion-soundcloud fusion-icon-soundcloud\" style=\"color:#ffffff;font-size:30px;width: calc(30px + (2 * (10px)) + 2px);background-color:#ff8800;border-color:#ff8800;border-radius:50%;\" data-placement=\"top\" data-title=\"SoundCloud\" data-toggle=\"tooltip\" title=\"SoundCloud\" aria-label=\"soundcloud\" target=\"_blank\" rel=\"noopener noreferrer\" href=\"https:\/\/soundcloud.com\/tulliamorandquintet\"><\/a><\/div><\/div><\/div><\/div><div class=\"fusion-clearfix\"><\/div><\/div><\/div><\/div><\/div><\/p>\n","protected":false},"excerpt":{"rendered":"","protected":false},"author":1,"featured_media":0,"parent":18420,"menu_order":6,"comment_status":"closed","ping_status":"closed","template":"100-width.php","meta":{"footnotes":""},"class_list":["post-18540","page","type-page","status-publish","hentry"],"yoast_head":"<!-- This site is optimized with the Yoast SEO plugin v27.4 - https:\/\/yoast.com\/product\/yoast-seo-wordpress\/ -->\n<title>Contact Dixirella - Tullia Morand<\/title>\n<meta name=\"robots\" content=\"index, follow, max-snippet:-1, max-image-preview:large, max-video-preview:-1\" \/>\n<link rel=\"canonical\" href=\"https:\/\/tulliamorand.com\/index.php\/groupes\/dixirella\/contact-dixirella\/\" \/>\n<meta property=\"og:locale\" content=\"fr_FR\" \/>\n<meta property=\"og:type\" content=\"article\" \/>\n<meta property=\"og:title\" content=\"Contact Dixirella - Tullia Morand\" \/>\n<meta property=\"og:url\" content=\"https:\/\/tulliamorand.com\/index.php\/groupes\/dixirella\/contact-dixirella\/\" \/>\n<meta property=\"og:site_name\" content=\"Tullia Morand\" \/>\n<meta property=\"article:modified_time\" content=\"2017-09-07T10:36:44+00:00\" \/>\n<meta name=\"twitter:card\" content=\"summary_large_image\" \/>\n<meta name=\"twitter:label1\" content=\"Dur\u00e9e de lecture estim\u00e9e\" \/>\n\t<meta name=\"twitter:data1\" content=\"5 minutes\" \/>\n<script type=\"application\/ld+json\" class=\"yoast-schema-graph\">{\"@context\":\"https:\\\/\\\/schema.org\",\"@graph\":[{\"@type\":\"WebPage\",\"@id\":\"https:\\\/\\\/tulliamorand.com\\\/index.php\\\/groupes\\\/dixirella\\\/contact-dixirella\\\/\",\"url\":\"https:\\\/\\\/tulliamorand.com\\\/index.php\\\/groupes\\\/dixirella\\\/contact-dixirella\\\/\",\"name\":\"Contact Dixirella - Tullia Morand\",\"isPartOf\":{\"@id\":\"https:\\\/\\\/tulliamorand.com\\\/#website\"},\"datePublished\":\"2017-06-03T12:48:57+00:00\",\"dateModified\":\"2017-09-07T10:36:44+00:00\",\"breadcrumb\":{\"@id\":\"https:\\\/\\\/tulliamorand.com\\\/index.php\\\/groupes\\\/dixirella\\\/contact-dixirella\\\/#breadcrumb\"},\"inLanguage\":\"fr-FR\",\"potentialAction\":[{\"@type\":\"ReadAction\",\"target\":[\"https:\\\/\\\/tulliamorand.com\\\/index.php\\\/groupes\\\/dixirella\\\/contact-dixirella\\\/\"]}]},{\"@type\":\"BreadcrumbList\",\"@id\":\"https:\\\/\\\/tulliamorand.com\\\/index.php\\\/groupes\\\/dixirella\\\/contact-dixirella\\\/#breadcrumb\",\"itemListElement\":[{\"@type\":\"ListItem\",\"position\":1,\"name\":\"Accueil\",\"item\":\"https:\\\/\\\/tulliamorand.com\\\/\"},{\"@type\":\"ListItem\",\"position\":2,\"name\":\"Groupes\",\"item\":\"https:\\\/\\\/tulliamorand.com\\\/index.php\\\/groupes\\\/\"},{\"@type\":\"ListItem\",\"position\":3,\"name\":\"Dixirella\",\"item\":\"https:\\\/\\\/tulliamorand.com\\\/index.php\\\/groupes\\\/dixirella\\\/\"},{\"@type\":\"ListItem\",\"position\":4,\"name\":\"Contact Dixirella\"}]},{\"@type\":\"WebSite\",\"@id\":\"https:\\\/\\\/tulliamorand.com\\\/#website\",\"url\":\"https:\\\/\\\/tulliamorand.com\\\/\",\"name\":\"Tullia Morand\",\"description\":\"Saxophoniste - Compositrice\",\"potentialAction\":[{\"@type\":\"SearchAction\",\"target\":{\"@type\":\"EntryPoint\",\"urlTemplate\":\"https:\\\/\\\/tulliamorand.com\\\/?s={search_term_string}\"},\"query-input\":{\"@type\":\"PropertyValueSpecification\",\"valueRequired\":true,\"valueName\":\"search_term_string\"}}],\"inLanguage\":\"fr-FR\"}]}<\/script>\n<!-- \/ Yoast SEO plugin. -->","yoast_head_json":{"title":"Contact Dixirella - Tullia Morand","robots":{"index":"index","follow":"follow","max-snippet":"max-snippet:-1","max-image-preview":"max-image-preview:large","max-video-preview":"max-video-preview:-1"},"canonical":"https:\/\/tulliamorand.com\/index.php\/groupes\/dixirella\/contact-dixirella\/","og_locale":"fr_FR","og_type":"article","og_title":"Contact Dixirella - Tullia Morand","og_url":"https:\/\/tulliamorand.com\/index.php\/groupes\/dixirella\/contact-dixirella\/","og_site_name":"Tullia Morand","article_modified_time":"2017-09-07T10:36:44+00:00","twitter_card":"summary_large_image","twitter_misc":{"Dur\u00e9e de lecture estim\u00e9e":"5 minutes"},"schema":{"@context":"https:\/\/schema.org","@graph":[{"@type":"WebPage","@id":"https:\/\/tulliamorand.com\/index.php\/groupes\/dixirella\/contact-dixirella\/","url":"https:\/\/tulliamorand.com\/index.php\/groupes\/dixirella\/contact-dixirella\/","name":"Contact Dixirella - Tullia Morand","isPartOf":{"@id":"https:\/\/tulliamorand.com\/#website"},"datePublished":"2017-06-03T12:48:57+00:00","dateModified":"2017-09-07T10:36:44+00:00","breadcrumb":{"@id":"https:\/\/tulliamorand.com\/index.php\/groupes\/dixirella\/contact-dixirella\/#breadcrumb"},"inLanguage":"fr-FR","potentialAction":[{"@type":"ReadAction","target":["https:\/\/tulliamorand.com\/index.php\/groupes\/dixirella\/contact-dixirella\/"]}]},{"@type":"BreadcrumbList","@id":"https:\/\/tulliamorand.com\/index.php\/groupes\/dixirella\/contact-dixirella\/#breadcrumb","itemListElement":[{"@type":"ListItem","position":1,"name":"Accueil","item":"https:\/\/tulliamorand.com\/"},{"@type":"ListItem","position":2,"name":"Groupes","item":"https:\/\/tulliamorand.com\/index.php\/groupes\/"},{"@type":"ListItem","position":3,"name":"Dixirella","item":"https:\/\/tulliamorand.com\/index.php\/groupes\/dixirella\/"},{"@type":"ListItem","position":4,"name":"Contact Dixirella"}]},{"@type":"WebSite","@id":"https:\/\/tulliamorand.com\/#website","url":"https:\/\/tulliamorand.com\/","name":"Tullia Morand","description":"Saxophoniste - Compositrice","potentialAction":[{"@type":"SearchAction","target":{"@type":"EntryPoint","urlTemplate":"https:\/\/tulliamorand.com\/?s={search_term_string}"},"query-input":{"@type":"PropertyValueSpecification","valueRequired":true,"valueName":"search_term_string"}}],"inLanguage":"fr-FR"}]}},"_links":{"self":[{"href":"https:\/\/tulliamorand.com\/index.php\/wp-json\/wp\/v2\/pages\/18540","targetHints":{"allow":["GET"]}}],"collection":[{"href":"https:\/\/tulliamorand.com\/index.php\/wp-json\/wp\/v2\/pages"}],"about":[{"href":"https:\/\/tulliamorand.com\/index.php\/wp-json\/wp\/v2\/types\/page"}],"author":[{"embeddable":true,"href":"https:\/\/tulliamorand.com\/index.php\/wp-json\/wp\/v2\/users\/1"}],"replies":[{"embeddable":true,"href":"https:\/\/tulliamorand.com\/index.php\/wp-json\/wp\/v2\/comments?post=18540"}],"version-history":[{"count":8,"href":"https:\/\/tulliamorand.com\/index.php\/wp-json\/wp\/v2\/pages\/18540\/revisions"}],"predecessor-version":[{"id":20392,"href":"https:\/\/tulliamorand.com\/index.php\/wp-json\/wp\/v2\/pages\/18540\/revisions\/20392"}],"up":[{"embeddable":true,"href":"https:\/\/tulliamorand.com\/index.php\/wp-json\/wp\/v2\/pages\/18420"}],"wp:attachment":[{"href":"https:\/\/tulliamorand.com\/index.php\/wp-json\/wp\/v2\/media?parent=18540"}],"curies":[{"name":"wp","href":"https:\/\/api.w.org\/{rel}","templated":true}]}}