{"id":18510,"date":"2017-05-29T22:52:14","date_gmt":"2017-05-29T20:52:14","guid":{"rendered":"http:\/\/beeagence.com\/WordPress3\/?page_id=18510"},"modified":"2017-06-29T16:51:57","modified_gmt":"2017-06-29T14:51:57","slug":"mentions-legales","status":"publish","type":"page","link":"https:\/\/tulliamorand.com\/index.php\/mentions-legales\/","title":{"rendered":"Mentions l\u00e9gales"},"content":{"rendered":"<div class=\"fusion-fullwidth fullwidth-box fusion-builder-row-1 nonhundred-percent-fullwidth non-hundred-percent-height-scrolling\" style=\"background-color: rgba(255,255,255,0);background-position: center center;background-repeat: no-repeat;padding-top:0px;padding-right:0px;padding-bottom:0px;padding-left:0px;border-width: 0px 0px 0px 0px;border-color:#eae9e9;border-style:solid;\" ><div class=\"fusion-builder-row fusion-row\"><div class=\"fusion-layout-column fusion_builder_column fusion-builder-column-0 fusion_builder_column_1_1 1_1 fusion-one-full fusion-column-first fusion-column-last\" style=\"margin-top:0px;margin-bottom:0px;\"><div class=\"fusion-column-wrapper fusion-flex-column-wrapper-legacy\" style=\"background-position:left top;background-repeat:no-repeat;-webkit-background-size:cover;-moz-background-size:cover;-o-background-size:cover;background-size:cover;padding: 0px 0px 0px 0px;\"><div class=\"fusion-text fusion-text-1\"><h3>Informations \u00e9diteur<\/h3>\n<p>Le site www.tulliamorand.com est g\u00e9r\u00e9 par le service Communication de TULLIA MORAND. L\u2019animation \u00e9ditoriale et les mises \u00e0 jour du site sont assur\u00e9es par le webmestre du service Communication en liaison avec la Direction.<\/p>\n<p>Directrice de la publication : TULLIA MORAND.<\/p>\n<p>Pour toute suggestion, information, r\u00e9action concernant ce site, n\u2019h\u00e9sitez pas \u00e0 \u00e9crire au webmestre :<\/p>\n<ul>\n<li>par voie \u00e9lectronique : <a title=\"Contacter par e-mail\" href=\"mailto:tulliamorand@gmail.com\" target=\"_self\">\u00c9crire \u00e0 TULLIA MORAND<\/a><\/li>\n<li>par voie postale : TULLIA MORAND &#8211; 19 rue Ramey 75018 PARIS (FRANCE)<\/li>\n<\/ul>\n<h3>Droit d\u2019auteur et reprise du contenu mis en ligne<\/h3>\n<p>Sous r\u00e9serve des exceptions l\u00e9gales, tous les contenus pr\u00e9sents sur le site www.tulliamorand.com sont couverts par le droit d\u2019auteur. Toute reprise est d\u00e8s lors conditionn\u00e9e \u00e0 l\u2019accord de l\u2019auteur en vertu de l\u2019article L.122-4 du Code de la Propri\u00e9t\u00e9 Intellectuelle.<\/p>\n<p><b>Les diff\u00e9rents contenus pr\u00e9sents sur le site :<\/b><\/p>\n<p>Tous les contenus \u00e9crits et\/ou mis en ligne par la r\u00e9daction du site www.tulliamorand.com ne peuvent \u00eatre reproduits librement sans l\u2019autorisation de leur auteur.<\/p>\n<p>Toute demande de repr\u00e9sentation ou reproduction int\u00e9grale ou partielle doit \u00eatre adress\u00e9e \u00e0 :<\/p>\n<p>TULLIA MORAND &#8211; 19 rue Ramey 75018 PARIS (FRANCE)<\/p>\n<p>ou par <a title=\"Contacter par e-mail\" href=\"mailto:tulliamorand@gmail.com\" target=\"_blank\" rel=\"noopener\">courrier \u00e9lectronique.<\/a><\/p>\n<p><b>Si TULLIA MORAND a autoris\u00e9 la reproduction d\u2019un contenu, il est obligatoire de l\u2019assortir de :<\/b><br \/>\n&#8211; la mention Article paru sur le site www.tulliamorand.com. Cette mention pointera gr\u00e2ce \u00e0 un lien hyper-texte directement sur le contenu.<br \/>\n&#8211; la mention \u00ab Droits r\u00e9serv\u00e9s \u00bb, \u00e0 la fin de chaque contenu repris.<\/p>\n<p>Toutes les photographies, vid\u00e9os, infographies et autres \u00e9l\u00e9ments techniques et graphiques disponibles sur le site www.tulliamorand.com sont couverts par des droits de propri\u00e9t\u00e9 intellectuelle. Toute reproduction ou repr\u00e9sentation partielle ou totale pour quelque usage que ce soit est interdite sans l\u2019accord pr\u00e9alable des titulaires de droits.<\/p>\n<p>Toute demande de mise en relation avec l\u2019auteur d\u2019une photographie, vid\u00e9o ou autre \u00e9l\u00e9ment technique et graphique publi\u00e9 sur ce site devra \u00eatre adress\u00e9e \u00e0 :<\/p>\n<p>TULLIA MORAND &#8211; 19 rue Ramey 75018 PARIS (FRANCE)<\/p>\n<p>ou par <a title=\"Contacter par e-mail\" href=\"mailto:tulliamorand@gmail.com\" target=\"_blank\" rel=\"noopener\">courrier \u00e9lectronique<\/a>.<\/p>\n<h3>Traitement des donn\u00e9es personnelles<\/h3>\n<p>Conform\u00e9ment aux dispositions de la loi n\u00b0 78-17 du 6 janvier 1978 relative \u00e0 l\u2019informatique, aux fichiers et aux libert\u00e9s, vous disposez d\u2019un droit d\u2019acc\u00e8s, de rectification, de modification et de suppression concernant les donn\u00e9es qui vous concernent. Vous pouvez exercer ce droit en envoyant un mail au <a href=\"mailto:tulliamorand@gmail.com?subject=Demande%20sur%20le%20traitement%20des%20donn%C3%A9es%20personnelles\" target=\"_blank\" rel=\"noopener\">correspondant informatique et libert\u00e9s (CIL)<\/a> et en justifiant de votre identit\u00e9.<\/p>\n<p>Il vous est \u00e9galement possible d\u2019envoyer un courrier \u00e0 l\u2019adresse suivante :<\/p>\n<p>TULLIA MORAND &#8211; 19 rue Ramey 75018 PARIS (FRANCE)<\/p>\n<h3>Informations h\u00e9bergeur<\/h3>\n<p>Le site wwwtulliamorand.com est h\u00e9berg\u00e9 par la soci\u00e9t\u00e9 OVH &#8211; 2 rue Kellermann 59100 Roubaix.<\/p>\n<h3>R\u00e9alisation du site<\/h3>\n<p>Conception ergonomique \/ cr\u00e9ation graphique \/ d\u00e9veloppement technique<br \/>\n<b>BEE Agence de communication<\/b><br \/>\n9 rue des Marmuzots 21000 DIJON<\/p>\n<\/div><div class=\"fusion-clearfix\"><\/div><\/div><\/div><\/div><\/div>\n","protected":false},"excerpt":{"rendered":"","protected":false},"author":1,"featured_media":0,"parent":0,"menu_order":0,"comment_status":"closed","ping_status":"closed","template":"100-width.php","meta":{"footnotes":""},"class_list":["post-18510","page","type-page","status-publish","hentry"],"yoast_head":"<!-- This site is optimized with the Yoast SEO plugin v27.5 - https:\/\/yoast.com\/product\/yoast-seo-wordpress\/ -->\n<title>Mentions l\u00e9gales - Tullia Morand<\/title>\n<meta name=\"robots\" content=\"index, follow, max-snippet:-1, max-image-preview:large, max-video-preview:-1\" \/>\n<link rel=\"canonical\" href=\"https:\/\/tulliamorand.com\/index.php\/mentions-legales\/\" \/>\n<meta property=\"og:locale\" content=\"fr_FR\" \/>\n<meta property=\"og:type\" content=\"article\" \/>\n<meta property=\"og:title\" content=\"Mentions l\u00e9gales - Tullia Morand\" \/>\n<meta property=\"og:url\" content=\"https:\/\/tulliamorand.com\/index.php\/mentions-legales\/\" \/>\n<meta property=\"og:site_name\" content=\"Tullia Morand\" \/>\n<meta property=\"article:modified_time\" content=\"2017-06-29T14:51:57+00:00\" \/>\n<meta name=\"twitter:card\" content=\"summary_large_image\" \/>\n<meta name=\"twitter:label1\" content=\"Dur\u00e9e de lecture estim\u00e9e\" \/>\n\t<meta name=\"twitter:data1\" content=\"3 minutes\" \/>\n<script type=\"application\/ld+json\" class=\"yoast-schema-graph\">{\"@context\":\"https:\\\/\\\/schema.org\",\"@graph\":[{\"@type\":\"WebPage\",\"@id\":\"https:\\\/\\\/tulliamorand.com\\\/index.php\\\/mentions-legales\\\/\",\"url\":\"https:\\\/\\\/tulliamorand.com\\\/index.php\\\/mentions-legales\\\/\",\"name\":\"Mentions l\u00e9gales - Tullia Morand\",\"isPartOf\":{\"@id\":\"https:\\\/\\\/tulliamorand.com\\\/#website\"},\"datePublished\":\"2017-05-29T20:52:14+00:00\",\"dateModified\":\"2017-06-29T14:51:57+00:00\",\"breadcrumb\":{\"@id\":\"https:\\\/\\\/tulliamorand.com\\\/index.php\\\/mentions-legales\\\/#breadcrumb\"},\"inLanguage\":\"fr-FR\",\"potentialAction\":[{\"@type\":\"ReadAction\",\"target\":[\"https:\\\/\\\/tulliamorand.com\\\/index.php\\\/mentions-legales\\\/\"]}]},{\"@type\":\"BreadcrumbList\",\"@id\":\"https:\\\/\\\/tulliamorand.com\\\/index.php\\\/mentions-legales\\\/#breadcrumb\",\"itemListElement\":[{\"@type\":\"ListItem\",\"position\":1,\"name\":\"Accueil\",\"item\":\"https:\\\/\\\/tulliamorand.com\\\/\"},{\"@type\":\"ListItem\",\"position\":2,\"name\":\"Mentions l\u00e9gales\"}]},{\"@type\":\"WebSite\",\"@id\":\"https:\\\/\\\/tulliamorand.com\\\/#website\",\"url\":\"https:\\\/\\\/tulliamorand.com\\\/\",\"name\":\"Tullia Morand\",\"description\":\"Saxophoniste - Compositrice\",\"potentialAction\":[{\"@type\":\"SearchAction\",\"target\":{\"@type\":\"EntryPoint\",\"urlTemplate\":\"https:\\\/\\\/tulliamorand.com\\\/?s={search_term_string}\"},\"query-input\":{\"@type\":\"PropertyValueSpecification\",\"valueRequired\":true,\"valueName\":\"search_term_string\"}}],\"inLanguage\":\"fr-FR\"}]}<\/script>\n<!-- \/ Yoast SEO plugin. -->","yoast_head_json":{"title":"Mentions l\u00e9gales - Tullia Morand","robots":{"index":"index","follow":"follow","max-snippet":"max-snippet:-1","max-image-preview":"max-image-preview:large","max-video-preview":"max-video-preview:-1"},"canonical":"https:\/\/tulliamorand.com\/index.php\/mentions-legales\/","og_locale":"fr_FR","og_type":"article","og_title":"Mentions l\u00e9gales - Tullia Morand","og_url":"https:\/\/tulliamorand.com\/index.php\/mentions-legales\/","og_site_name":"Tullia Morand","article_modified_time":"2017-06-29T14:51:57+00:00","twitter_card":"summary_large_image","twitter_misc":{"Dur\u00e9e de lecture estim\u00e9e":"3 minutes"},"schema":{"@context":"https:\/\/schema.org","@graph":[{"@type":"WebPage","@id":"https:\/\/tulliamorand.com\/index.php\/mentions-legales\/","url":"https:\/\/tulliamorand.com\/index.php\/mentions-legales\/","name":"Mentions l\u00e9gales - Tullia Morand","isPartOf":{"@id":"https:\/\/tulliamorand.com\/#website"},"datePublished":"2017-05-29T20:52:14+00:00","dateModified":"2017-06-29T14:51:57+00:00","breadcrumb":{"@id":"https:\/\/tulliamorand.com\/index.php\/mentions-legales\/#breadcrumb"},"inLanguage":"fr-FR","potentialAction":[{"@type":"ReadAction","target":["https:\/\/tulliamorand.com\/index.php\/mentions-legales\/"]}]},{"@type":"BreadcrumbList","@id":"https:\/\/tulliamorand.com\/index.php\/mentions-legales\/#breadcrumb","itemListElement":[{"@type":"ListItem","position":1,"name":"Accueil","item":"https:\/\/tulliamorand.com\/"},{"@type":"ListItem","position":2,"name":"Mentions l\u00e9gales"}]},{"@type":"WebSite","@id":"https:\/\/tulliamorand.com\/#website","url":"https:\/\/tulliamorand.com\/","name":"Tullia Morand","description":"Saxophoniste - Compositrice","potentialAction":[{"@type":"SearchAction","target":{"@type":"EntryPoint","urlTemplate":"https:\/\/tulliamorand.com\/?s={search_term_string}"},"query-input":{"@type":"PropertyValueSpecification","valueRequired":true,"valueName":"search_term_string"}}],"inLanguage":"fr-FR"}]}},"_links":{"self":[{"href":"https:\/\/tulliamorand.com\/index.php\/wp-json\/wp\/v2\/pages\/18510","targetHints":{"allow":["GET"]}}],"collection":[{"href":"https:\/\/tulliamorand.com\/index.php\/wp-json\/wp\/v2\/pages"}],"about":[{"href":"https:\/\/tulliamorand.com\/index.php\/wp-json\/wp\/v2\/types\/page"}],"author":[{"embeddable":true,"href":"https:\/\/tulliamorand.com\/index.php\/wp-json\/wp\/v2\/users\/1"}],"replies":[{"embeddable":true,"href":"https:\/\/tulliamorand.com\/index.php\/wp-json\/wp\/v2\/comments?post=18510"}],"version-history":[{"count":3,"href":"https:\/\/tulliamorand.com\/index.php\/wp-json\/wp\/v2\/pages\/18510\/revisions"}],"predecessor-version":[{"id":20053,"href":"https:\/\/tulliamorand.com\/index.php\/wp-json\/wp\/v2\/pages\/18510\/revisions\/20053"}],"wp:attachment":[{"href":"https:\/\/tulliamorand.com\/index.php\/wp-json\/wp\/v2\/media?parent=18510"}],"curies":[{"name":"wp","href":"https:\/\/api.w.org\/{rel}","templated":true}]}}