{"id":18194,"date":"2016-06-15T13:18:57","date_gmt":"2016-06-15T13:18:57","guid":{"rendered":"http:\/\/beeagence.com\/WordPress3\/?page_id=18194"},"modified":"2016-06-15T13:18:57","modified_gmt":"2016-06-15T13:18:57","slug":"recrutement","status":"publish","type":"page","link":"https:\/\/tulliamorand.com\/index.php\/recrutement\/","title":{"rendered":"RECRUTEMENT"},"content":{"rendered":"<div class=\"fusion-fullwidth fullwidth-box fusion-builder-row-1 nonhundred-percent-fullwidth non-hundred-percent-height-scrolling\" style=\"background-color: rgba(255,255,255,0);background-position: left top;background-repeat: no-repeat;padding-top:20px;padding-right:0px;padding-bottom:20px;padding-left:0px;margin-bottom: 0px;margin-top: 0px;border-width: 0px 0px 0px 0px;border-color:#eae9e9;border-style:solid;\" ><div class=\"fusion-builder-row fusion-row\"><div class=\"fusion-layout-column fusion_builder_column fusion-builder-column-0 fusion_builder_column_1_1 1_1 fusion-one-full fusion-column-first fusion-column-last fusion-column-no-min-height\" style=\"margin-top:0px;margin-bottom:0px;\"><div class=\"fusion-column-wrapper fusion-flex-column-wrapper-legacy\" style=\"background-position:left top;background-repeat:no-repeat;-webkit-background-size:cover;-moz-background-size:cover;-o-background-size:cover;background-size:cover;padding: 0px 0px 0px 0px;\"><style type=\"text\/css\"><\/style><div class=\"fusion-title title fusion-title-1 fusion-sep-none fusion-title-text fusion-title-size-one\" style=\"margin-top:0px;margin-right:0px;margin-bottom:30px;margin-left:0px;\"><h1 class=\"title-heading-left fusion-responsive-typography-calculated\" style=\"margin:0;--fontSize:80;line-height:1.0;\">Rejoignez Ari\u00e8s Propret\u00e9, soci\u00e9t\u00e9 de nettoyage \u00e0 Dijon<\/h1><\/div><div class=\"fusion-text fusion-text-1\"><p>Vous souhaitez rejoindre nos \u00e9quipes ?<\/p>\n<p>N&rsquo;h\u00e9sitez pas \u00e0 nous soumettre votre candidature. Merci.<\/p>\n<\/div><div class=\"fusion-clearfix\"><\/div><\/div><\/div><\/div><\/div>\n","protected":false},"excerpt":{"rendered":"","protected":false},"author":1,"featured_media":0,"parent":0,"menu_order":0,"comment_status":"closed","ping_status":"closed","template":"","meta":{"footnotes":""},"class_list":["post-18194","page","type-page","status-publish","hentry"],"yoast_head":"<!-- This site is optimized with the Yoast SEO plugin v27.4 - https:\/\/yoast.com\/product\/yoast-seo-wordpress\/ -->\n<title>RECRUTEMENT - Tullia Morand<\/title>\n<meta name=\"robots\" content=\"index, follow, max-snippet:-1, max-image-preview:large, max-video-preview:-1\" \/>\n<link rel=\"canonical\" href=\"https:\/\/tulliamorand.com\/index.php\/recrutement\/\" \/>\n<meta property=\"og:locale\" content=\"fr_FR\" \/>\n<meta property=\"og:type\" content=\"article\" \/>\n<meta property=\"og:title\" content=\"RECRUTEMENT - Tullia Morand\" \/>\n<meta property=\"og:url\" content=\"https:\/\/tulliamorand.com\/index.php\/recrutement\/\" \/>\n<meta property=\"og:site_name\" content=\"Tullia Morand\" \/>\n<meta name=\"twitter:card\" content=\"summary_large_image\" \/>\n<meta name=\"twitter:label1\" content=\"Dur\u00e9e de lecture estim\u00e9e\" \/>\n\t<meta name=\"twitter:data1\" content=\"1 minute\" \/>\n<script type=\"application\/ld+json\" class=\"yoast-schema-graph\">{\"@context\":\"https:\\\/\\\/schema.org\",\"@graph\":[{\"@type\":\"WebPage\",\"@id\":\"https:\\\/\\\/tulliamorand.com\\\/index.php\\\/recrutement\\\/\",\"url\":\"https:\\\/\\\/tulliamorand.com\\\/index.php\\\/recrutement\\\/\",\"name\":\"RECRUTEMENT - Tullia Morand\",\"isPartOf\":{\"@id\":\"https:\\\/\\\/tulliamorand.com\\\/#website\"},\"datePublished\":\"2016-06-15T13:18:57+00:00\",\"breadcrumb\":{\"@id\":\"https:\\\/\\\/tulliamorand.com\\\/index.php\\\/recrutement\\\/#breadcrumb\"},\"inLanguage\":\"fr-FR\",\"potentialAction\":[{\"@type\":\"ReadAction\",\"target\":[\"https:\\\/\\\/tulliamorand.com\\\/index.php\\\/recrutement\\\/\"]}]},{\"@type\":\"BreadcrumbList\",\"@id\":\"https:\\\/\\\/tulliamorand.com\\\/index.php\\\/recrutement\\\/#breadcrumb\",\"itemListElement\":[{\"@type\":\"ListItem\",\"position\":1,\"name\":\"Accueil\",\"item\":\"https:\\\/\\\/tulliamorand.com\\\/\"},{\"@type\":\"ListItem\",\"position\":2,\"name\":\"RECRUTEMENT\"}]},{\"@type\":\"WebSite\",\"@id\":\"https:\\\/\\\/tulliamorand.com\\\/#website\",\"url\":\"https:\\\/\\\/tulliamorand.com\\\/\",\"name\":\"Tullia Morand\",\"description\":\"Saxophoniste - Compositrice\",\"potentialAction\":[{\"@type\":\"SearchAction\",\"target\":{\"@type\":\"EntryPoint\",\"urlTemplate\":\"https:\\\/\\\/tulliamorand.com\\\/?s={search_term_string}\"},\"query-input\":{\"@type\":\"PropertyValueSpecification\",\"valueRequired\":true,\"valueName\":\"search_term_string\"}}],\"inLanguage\":\"fr-FR\"}]}<\/script>\n<!-- \/ Yoast SEO plugin. -->","yoast_head_json":{"title":"RECRUTEMENT - Tullia Morand","robots":{"index":"index","follow":"follow","max-snippet":"max-snippet:-1","max-image-preview":"max-image-preview:large","max-video-preview":"max-video-preview:-1"},"canonical":"https:\/\/tulliamorand.com\/index.php\/recrutement\/","og_locale":"fr_FR","og_type":"article","og_title":"RECRUTEMENT - Tullia Morand","og_url":"https:\/\/tulliamorand.com\/index.php\/recrutement\/","og_site_name":"Tullia Morand","twitter_card":"summary_large_image","twitter_misc":{"Dur\u00e9e de lecture estim\u00e9e":"1 minute"},"schema":{"@context":"https:\/\/schema.org","@graph":[{"@type":"WebPage","@id":"https:\/\/tulliamorand.com\/index.php\/recrutement\/","url":"https:\/\/tulliamorand.com\/index.php\/recrutement\/","name":"RECRUTEMENT - Tullia Morand","isPartOf":{"@id":"https:\/\/tulliamorand.com\/#website"},"datePublished":"2016-06-15T13:18:57+00:00","breadcrumb":{"@id":"https:\/\/tulliamorand.com\/index.php\/recrutement\/#breadcrumb"},"inLanguage":"fr-FR","potentialAction":[{"@type":"ReadAction","target":["https:\/\/tulliamorand.com\/index.php\/recrutement\/"]}]},{"@type":"BreadcrumbList","@id":"https:\/\/tulliamorand.com\/index.php\/recrutement\/#breadcrumb","itemListElement":[{"@type":"ListItem","position":1,"name":"Accueil","item":"https:\/\/tulliamorand.com\/"},{"@type":"ListItem","position":2,"name":"RECRUTEMENT"}]},{"@type":"WebSite","@id":"https:\/\/tulliamorand.com\/#website","url":"https:\/\/tulliamorand.com\/","name":"Tullia Morand","description":"Saxophoniste - Compositrice","potentialAction":[{"@type":"SearchAction","target":{"@type":"EntryPoint","urlTemplate":"https:\/\/tulliamorand.com\/?s={search_term_string}"},"query-input":{"@type":"PropertyValueSpecification","valueRequired":true,"valueName":"search_term_string"}}],"inLanguage":"fr-FR"}]}},"_links":{"self":[{"href":"https:\/\/tulliamorand.com\/index.php\/wp-json\/wp\/v2\/pages\/18194","targetHints":{"allow":["GET"]}}],"collection":[{"href":"https:\/\/tulliamorand.com\/index.php\/wp-json\/wp\/v2\/pages"}],"about":[{"href":"https:\/\/tulliamorand.com\/index.php\/wp-json\/wp\/v2\/types\/page"}],"author":[{"embeddable":true,"href":"https:\/\/tulliamorand.com\/index.php\/wp-json\/wp\/v2\/users\/1"}],"replies":[{"embeddable":true,"href":"https:\/\/tulliamorand.com\/index.php\/wp-json\/wp\/v2\/comments?post=18194"}],"version-history":[{"count":0,"href":"https:\/\/tulliamorand.com\/index.php\/wp-json\/wp\/v2\/pages\/18194\/revisions"}],"wp:attachment":[{"href":"https:\/\/tulliamorand.com\/index.php\/wp-json\/wp\/v2\/media?parent=18194"}],"curies":[{"name":"wp","href":"https:\/\/api.w.org\/{rel}","templated":true}]}}